{"id":1364,"date":"2023-07-31T09:37:51","date_gmt":"2023-07-31T13:37:51","guid":{"rendered":"https:\/\/socialenterprisenb.ca\/cours-intensifs-sur-lentreprise-sociale\/"},"modified":"2024-04-15T11:35:46","modified_gmt":"2024-04-15T15:35:46","slug":"cours-intensifs-sur-lentreprise-sociale","status":"publish","type":"page","link":"https:\/\/socialenterprisenb.ca\/fr\/cours-intensifs-sur-lentreprise-sociale\/","title":{"rendered":"Entreprise sociale intensive 2024"},"content":{"rendered":"<div class=\"fusion-fullwidth fullwidth-box fusion-builder-row-1 fusion-flex-container has-pattern-background has-mask-background fusion-parallax-none nonhundred-percent-fullwidth non-hundred-percent-height-scrolling\" style=\"--awb-border-radius-top-left:0px;--awb-border-radius-top-right:0px;--awb-border-radius-bottom-right:0px;--awb-border-radius-bottom-left:0px;--awb-padding-bottom:0px;--awb-background-image:url(&quot;https:\/\/socialenterprisenb.ca\/wp-content\/uploads\/2023\/07\/Untitled-design-7.png&quot;);--awb-background-size:cover;--awb-flex-wrap:wrap;\" ><div class=\"fusion-builder-row fusion-row fusion-flex-align-items-flex-start fusion-flex-content-wrap\" style=\"max-width:1248px;margin-left: calc(-4% \/ 2 );margin-right: calc(-4% \/ 2 );\"><div class=\"fusion-layout-column fusion_builder_column fusion-builder-column-0 fusion_builder_column_1_2 1_2 fusion-flex-column\" style=\"--awb-bg-size:cover;--awb-width-large:50%;--awb-margin-top-large:0px;--awb-spacing-right-large:3.84%;--awb-margin-bottom-large:20px;--awb-spacing-left-large:3.84%;--awb-width-medium:50%;--awb-order-medium:0;--awb-spacing-right-medium:3.84%;--awb-spacing-left-medium:3.84%;--awb-width-small:100%;--awb-order-small:0;--awb-spacing-right-small:1.92%;--awb-spacing-left-small:1.92%;\"><div class=\"fusion-column-wrapper fusion-column-has-shadow fusion-flex-justify-content-flex-start fusion-content-layout-column\"><div class=\"fusion-image-element \" style=\"--awb-caption-title-font-family:var(--h2_typography-font-family);--awb-caption-title-font-weight:var(--h2_typography-font-weight);--awb-caption-title-font-style:var(--h2_typography-font-style);--awb-caption-title-size:var(--h2_typography-font-size);--awb-caption-title-transform:var(--h2_typography-text-transform);--awb-caption-title-line-height:var(--h2_typography-line-height);--awb-caption-title-letter-spacing:var(--h2_typography-letter-spacing);\"><span class=\" fusion-imageframe imageframe-none imageframe-1 hover-type-none\"><img decoding=\"async\" width=\"1440\" height=\"2160\" title=\"Salvador Alejandri\" src=\"https:\/\/socialenterprisenb.ca\/wp-content\/uploads\/2023\/07\/2023_SEE_Conference8586.jpg\" alt class=\"img-responsive wp-image-1308\" srcset=\"https:\/\/socialenterprisenb.ca\/wp-content\/uploads\/2023\/07\/2023_SEE_Conference8586-200x300.jpg 200w, https:\/\/socialenterprisenb.ca\/wp-content\/uploads\/2023\/07\/2023_SEE_Conference8586-400x600.jpg 400w, https:\/\/socialenterprisenb.ca\/wp-content\/uploads\/2023\/07\/2023_SEE_Conference8586-600x900.jpg 600w, https:\/\/socialenterprisenb.ca\/wp-content\/uploads\/2023\/07\/2023_SEE_Conference8586-800x1200.jpg 800w, https:\/\/socialenterprisenb.ca\/wp-content\/uploads\/2023\/07\/2023_SEE_Conference8586-1200x1800.jpg 1200w, https:\/\/socialenterprisenb.ca\/wp-content\/uploads\/2023\/07\/2023_SEE_Conference8586.jpg 1440w\" sizes=\"(max-width: 640px) 100vw, 600px\" \/><\/span><\/div><\/div><\/div><div class=\"fusion-layout-column fusion_builder_column fusion-builder-column-1 fusion_builder_column_1_2 1_2 fusion-flex-column\" style=\"--awb-padding-top:9px;--awb-padding-right:11px;--awb-padding-bottom:15px;--awb-padding-left:14px;--awb-bg-color:#ffffff;--awb-bg-color-hover:#ffffff;--awb-bg-size:cover;--awb-width-large:50%;--awb-margin-top-large:93px;--awb-spacing-right-large:3.84%;--awb-margin-bottom-large:0px;--awb-spacing-left-large:0%;--awb-width-medium:50%;--awb-order-medium:0;--awb-spacing-right-medium:3.84%;--awb-spacing-left-medium:0%;--awb-width-small:100%;--awb-order-small:0;--awb-spacing-right-small:1.92%;--awb-spacing-left-small:1.92%;\"><div class=\"fusion-column-wrapper fusion-column-has-shadow fusion-flex-justify-content-flex-start fusion-content-layout-column\"><div class=\"fusion-text fusion-text-1\" style=\"--awb-font-size:20px;--awb-line-height:1.5;--awb-letter-spacing:-.5px;--awb-text-color:#353535;\"><p><span style=\"font-family: var(--body_typography-font-family); font-style: var(--body_typography-font-style,normal); font-weight: var(--body_typography-font-weight);\" data-contrast=\"auto\">Vous \u00eates sur le point de lancer une entreprise sociale. Vous savez que vous avez une id\u00e9e g\u00e9niale et qu'il existe un march\u00e9 potentiel pour soutenir votre mission. Vous avez du mal \u00e0 trouver le temps n\u00e9cessaire pour donner \u00e0 cette id\u00e9e l'\u00e9lan qu'elle m\u00e9rite. <\/span><\/p>\n<p><span data-contrast=\"auto\">Si c'est votre cas, nous avons une excellente occasion de vous aider \u00e0 lancer votre entreprise sociale ! Le programme Social Enterprise Intensive 2024 a de la place pour 10 organisations qui sont en train de lancer leur entreprise sociale. Le programme se pr\u00e9sente comme suit :<\/span><\/p>\n<ul>\n<li data-leveltext=\"\uf0b7\" data-font=\"Symbol\" data-listid=\"3\" data-list-defn-props=\"\" aria-setsize=\"-1\" data-aria-posinset=\"6\" data-aria-level=\"1\">Une journ\u00e9e <span data-contrast=\"auto\">inten<\/span>siv<span data-contrast=\"auto\">e (e<\/span>n person<span data-contrast=\"auto\">ne)<\/span> avec les autres entreprises sociales pour solidifier votre strat\u00e9gie et les prochaines \u00e9tapes le 10 mai.<\/li>\n<li data-leveltext=\"\uf0b7\" data-font=\"Symbol\" data-listid=\"3\" data-list-defn-props=\"\" aria-setsize=\"-1\" data-aria-posinset=\"7\" data-aria-level=\"1\"><span data-contrast=\"auto\">5 s\u00e9ances de coaching individuel d'une heure pour soutenir la strat\u00e9gie et le plan que vous avez \u00e9labor\u00e9s<\/span><\/li>\n<\/ul>\n<ul>\n<li data-leveltext=\"\uf0b7\" data-font=\"Symbol\" data-listid=\"3\" data-list-defn-props=\"\" aria-setsize=\"-1\" data-aria-posinset=\"1\" data-aria-level=\"1\"><span data-contrast=\"auto\">Une rencontre de groupe d'une heure \u00e0 mi-p<\/span><span data-contrast=\"auto\">arcours (v<\/span>irt<span data-contrast=\"auto\">uelle, le 10 juin<\/span>)<\/li>\n<li data-leveltext=\"\uf0b7\" data-font=\"Symbol\" data-listid=\"3\" data-list-defn-props=\"\" aria-setsize=\"-1\" data-aria-posinset=\"2\" data-aria-level=\"1\"><span data-contrast=\"auto\">Remise des dipl\u00f4mes en personne au Symposium d'excellence en entreprise sociale, o\u00f9 nous vous encourageons \u00e0 lancer ou \u00e0 promouvoir votre entreprise sociale \u2013 les 10 et 11 octobre \u00e0 Saint John (N.-<span data-contrast=\"auto\">B<\/span>.). <\/span><\/li>\n<\/ul>\n<p>Si vo<span data-contrast=\"auto\">us<\/span> souhaitez discuter de ce programme avant de vous inscrire, veuillez contacter notre directrice de l'entrepreneuriat et des services consultatifs, Vanessa Paesani, \u00e0 l'adresse <a href=\"mailto:vanessa.paesani@unb.ca\">vanessa.<span data-contrast=\"none\">paesani@unb.ca<\/span><\/a><span data-contrast=\"auto\">.<\/span><\/p>\n<p><a href=\"https:\/\/pdc.typeform.com\/to\/ixdaPAx3\"><span data-contrast=\"none\">Si vous \u00eates pr\u00eat \u00e0 poser votre candidature, veuillez consulter notre formulaire de candidature ici !<\/span><\/a><\/p>\n<\/div><\/div><\/div><\/div><\/div>\n","protected":false},"excerpt":{"rendered":"","protected":false},"author":1,"featured_media":0,"parent":0,"menu_order":0,"comment_status":"closed","ping_status":"closed","template":"100-width.php","meta":{"_monsterinsights_skip_tracking":false,"_monsterinsights_sitenote_active":false,"_monsterinsights_sitenote_note":"","_monsterinsights_sitenote_category":0,"footnotes":""},"class_list":["post-1364","page","type-page","status-publish","hentry"],"yoast_head":"<!-- This site is optimized with the Yoast SEO plugin v27.4 - https:\/\/yoast.com\/product\/yoast-seo-wordpress\/ -->\n<title>Entreprise sociale intensive 2024 - Social Enterprise New Brunswick<\/title>\n<meta name=\"robots\" content=\"index, follow, max-snippet:-1, max-image-preview:large, max-video-preview:-1\" \/>\n<link rel=\"canonical\" href=\"https:\/\/socialenterprisenb.ca\/social-enterprise-intensives\/\" \/>\n<meta property=\"og:locale\" content=\"fr_FR\" \/>\n<meta property=\"og:type\" content=\"article\" \/>\n<meta property=\"og:title\" content=\"Entreprise sociale intensive 2024 - Social Enterprise New Brunswick\" \/>\n<meta property=\"og:url\" content=\"https:\/\/socialenterprisenb.ca\/social-enterprise-intensives\/\" \/>\n<meta property=\"og:site_name\" content=\"Social Enterprise New Brunswick\" \/>\n<meta property=\"article:publisher\" content=\"https:\/\/www.facebook.com\/PondDeshpandeCentre\" \/>\n<meta property=\"article:modified_time\" content=\"2024-04-15T15:35:46+00:00\" \/>\n<meta name=\"twitter:card\" content=\"summary_large_image\" \/>\n<meta name=\"twitter:label1\" content=\"Dur\u00e9e de lecture estim\u00e9e\" \/>\n\t<meta name=\"twitter:data1\" content=\"3 minutes\" \/>\n<script type=\"application\/ld+json\" class=\"yoast-schema-graph\">{\"@context\":\"https:\\\/\\\/schema.org\",\"@graph\":[{\"@type\":\"WebPage\",\"@id\":\"https:\\\/\\\/socialenterprisenb.ca\\\/social-enterprise-intensives\\\/\",\"url\":\"https:\\\/\\\/socialenterprisenb.ca\\\/social-enterprise-intensives\\\/\",\"name\":\"Entreprise sociale intensive 2024 - Social Enterprise New Brunswick\",\"isPartOf\":{\"@id\":\"https:\\\/\\\/socialenterprisenb.ca\\\/#website\"},\"datePublished\":\"2023-07-31T13:37:51+00:00\",\"dateModified\":\"2024-04-15T15:35:46+00:00\",\"breadcrumb\":{\"@id\":\"https:\\\/\\\/socialenterprisenb.ca\\\/social-enterprise-intensives\\\/#breadcrumb\"},\"inLanguage\":\"fr-FR\",\"potentialAction\":[{\"@type\":\"ReadAction\",\"target\":[\"https:\\\/\\\/socialenterprisenb.ca\\\/social-enterprise-intensives\\\/\"]}]},{\"@type\":\"BreadcrumbList\",\"@id\":\"https:\\\/\\\/socialenterprisenb.ca\\\/social-enterprise-intensives\\\/#breadcrumb\",\"itemListElement\":[{\"@type\":\"ListItem\",\"position\":1,\"name\":\"Home\",\"item\":\"https:\\\/\\\/socialenterprisenb.ca\\\/fr\\\/\"},{\"@type\":\"ListItem\",\"position\":2,\"name\":\"Entreprise sociale intensive 2024\"}]},{\"@type\":\"WebSite\",\"@id\":\"https:\\\/\\\/socialenterprisenb.ca\\\/#website\",\"url\":\"https:\\\/\\\/socialenterprisenb.ca\\\/\",\"name\":\"Social Enterprise New Brunswick\",\"description\":\"Entreprise Sociale Nouveau-Brunswick\",\"publisher\":{\"@id\":\"https:\\\/\\\/socialenterprisenb.ca\\\/#organization\"},\"potentialAction\":[{\"@type\":\"SearchAction\",\"target\":{\"@type\":\"EntryPoint\",\"urlTemplate\":\"https:\\\/\\\/socialenterprisenb.ca\\\/?s={search_term_string}\"},\"query-input\":{\"@type\":\"PropertyValueSpecification\",\"valueRequired\":true,\"valueName\":\"search_term_string\"}}],\"inLanguage\":\"fr-FR\"},{\"@type\":\"Organization\",\"@id\":\"https:\\\/\\\/socialenterprisenb.ca\\\/#organization\",\"name\":\"Pond Deshpande Center\",\"url\":\"https:\\\/\\\/socialenterprisenb.ca\\\/\",\"logo\":{\"@type\":\"ImageObject\",\"inLanguage\":\"fr-FR\",\"@id\":\"https:\\\/\\\/socialenterprisenb.ca\\\/#\\\/schema\\\/logo\\\/image\\\/\",\"url\":\"https:\\\/\\\/socialenterprisenb.ca\\\/wp-content\\\/uploads\\\/2023\\\/01\\\/PDC_Logo-01-1-e1674402763223.png\",\"contentUrl\":\"https:\\\/\\\/socialenterprisenb.ca\\\/wp-content\\\/uploads\\\/2023\\\/01\\\/PDC_Logo-01-1-e1674402763223.png\",\"width\":1274,\"height\":408,\"caption\":\"Pond Deshpande Center\"},\"image\":{\"@id\":\"https:\\\/\\\/socialenterprisenb.ca\\\/#\\\/schema\\\/logo\\\/image\\\/\"},\"sameAs\":[\"https:\\\/\\\/www.facebook.com\\\/PondDeshpandeCentre\"]}]}<\/script>\n<!-- \/ Yoast SEO plugin. -->","yoast_head_json":{"title":"Entreprise sociale intensive 2024 - Social Enterprise New Brunswick","robots":{"index":"index","follow":"follow","max-snippet":"max-snippet:-1","max-image-preview":"max-image-preview:large","max-video-preview":"max-video-preview:-1"},"canonical":"https:\/\/socialenterprisenb.ca\/social-enterprise-intensives\/","og_locale":"fr_FR","og_type":"article","og_title":"Entreprise sociale intensive 2024 - Social Enterprise New Brunswick","og_url":"https:\/\/socialenterprisenb.ca\/social-enterprise-intensives\/","og_site_name":"Social Enterprise New Brunswick","article_publisher":"https:\/\/www.facebook.com\/PondDeshpandeCentre","article_modified_time":"2024-04-15T15:35:46+00:00","twitter_card":"summary_large_image","twitter_misc":{"Dur\u00e9e de lecture estim\u00e9e":"3 minutes"},"schema":{"@context":"https:\/\/schema.org","@graph":[{"@type":"WebPage","@id":"https:\/\/socialenterprisenb.ca\/social-enterprise-intensives\/","url":"https:\/\/socialenterprisenb.ca\/social-enterprise-intensives\/","name":"Entreprise sociale intensive 2024 - Social Enterprise New Brunswick","isPartOf":{"@id":"https:\/\/socialenterprisenb.ca\/#website"},"datePublished":"2023-07-31T13:37:51+00:00","dateModified":"2024-04-15T15:35:46+00:00","breadcrumb":{"@id":"https:\/\/socialenterprisenb.ca\/social-enterprise-intensives\/#breadcrumb"},"inLanguage":"fr-FR","potentialAction":[{"@type":"ReadAction","target":["https:\/\/socialenterprisenb.ca\/social-enterprise-intensives\/"]}]},{"@type":"BreadcrumbList","@id":"https:\/\/socialenterprisenb.ca\/social-enterprise-intensives\/#breadcrumb","itemListElement":[{"@type":"ListItem","position":1,"name":"Home","item":"https:\/\/socialenterprisenb.ca\/fr\/"},{"@type":"ListItem","position":2,"name":"Entreprise sociale intensive 2024"}]},{"@type":"WebSite","@id":"https:\/\/socialenterprisenb.ca\/#website","url":"https:\/\/socialenterprisenb.ca\/","name":"Social Enterprise New Brunswick","description":"Entreprise Sociale Nouveau-Brunswick","publisher":{"@id":"https:\/\/socialenterprisenb.ca\/#organization"},"potentialAction":[{"@type":"SearchAction","target":{"@type":"EntryPoint","urlTemplate":"https:\/\/socialenterprisenb.ca\/?s={search_term_string}"},"query-input":{"@type":"PropertyValueSpecification","valueRequired":true,"valueName":"search_term_string"}}],"inLanguage":"fr-FR"},{"@type":"Organization","@id":"https:\/\/socialenterprisenb.ca\/#organization","name":"Pond Deshpande Center","url":"https:\/\/socialenterprisenb.ca\/","logo":{"@type":"ImageObject","inLanguage":"fr-FR","@id":"https:\/\/socialenterprisenb.ca\/#\/schema\/logo\/image\/","url":"https:\/\/socialenterprisenb.ca\/wp-content\/uploads\/2023\/01\/PDC_Logo-01-1-e1674402763223.png","contentUrl":"https:\/\/socialenterprisenb.ca\/wp-content\/uploads\/2023\/01\/PDC_Logo-01-1-e1674402763223.png","width":1274,"height":408,"caption":"Pond Deshpande Center"},"image":{"@id":"https:\/\/socialenterprisenb.ca\/#\/schema\/logo\/image\/"},"sameAs":["https:\/\/www.facebook.com\/PondDeshpandeCentre"]}]}},"_links":{"self":[{"href":"https:\/\/socialenterprisenb.ca\/fr\/wp-json\/wp\/v2\/pages\/1364","targetHints":{"allow":["GET"]}}],"collection":[{"href":"https:\/\/socialenterprisenb.ca\/fr\/wp-json\/wp\/v2\/pages"}],"about":[{"href":"https:\/\/socialenterprisenb.ca\/fr\/wp-json\/wp\/v2\/types\/page"}],"author":[{"embeddable":true,"href":"https:\/\/socialenterprisenb.ca\/fr\/wp-json\/wp\/v2\/users\/1"}],"replies":[{"embeddable":true,"href":"https:\/\/socialenterprisenb.ca\/fr\/wp-json\/wp\/v2\/comments?post=1364"}],"version-history":[{"count":5,"href":"https:\/\/socialenterprisenb.ca\/fr\/wp-json\/wp\/v2\/pages\/1364\/revisions"}],"predecessor-version":[{"id":1423,"href":"https:\/\/socialenterprisenb.ca\/fr\/wp-json\/wp\/v2\/pages\/1364\/revisions\/1423"}],"wp:attachment":[{"href":"https:\/\/socialenterprisenb.ca\/fr\/wp-json\/wp\/v2\/media?parent=1364"}],"curies":[{"name":"wp","href":"https:\/\/api.w.org\/{rel}","templated":true}]}}