{"id":744,"date":"2022-04-04T19:45:14","date_gmt":"2022-04-04T23:45:14","guid":{"rendered":"https:\/\/senb.brainworksmarketingstaging.ca\/privacy-policy\/"},"modified":"2022-05-12T10:24:04","modified_gmt":"2022-05-12T14:24:04","slug":"politique-de-confidentialite","status":"publish","type":"page","link":"https:\/\/socialenterprisenb.ca\/fr\/politique-de-confidentialite\/","title":{"rendered":"Politique de confidentialit\u00e9"},"content":{"rendered":"<div class=\"fusion-fullwidth fullwidth-box fusion-builder-row-1 fusion-flex-container nonhundred-percent-fullwidth non-hundred-percent-height-scrolling\" style=\"--awb-border-radius-top-left:0px;--awb-border-radius-top-right:0px;--awb-border-radius-bottom-right:0px;--awb-border-radius-bottom-left:0px;--awb-flex-wrap:wrap;\" ><div class=\"fusion-builder-row fusion-row fusion-flex-align-items-flex-start fusion-flex-content-wrap\" style=\"max-width:1248px;margin-left: calc(-4% \/ 2 );margin-right: calc(-4% \/ 2 );\"><div class=\"fusion-layout-column fusion_builder_column fusion-builder-column-0 fusion_builder_column_1_1 1_1 fusion-flex-column\" style=\"--awb-bg-size:cover;--awb-width-large:100%;--awb-margin-top-large:60px;--awb-spacing-right-large:1.92%;--awb-margin-bottom-large:60px;--awb-spacing-left-large:1.92%;--awb-width-medium:100%;--awb-order-medium:0;--awb-spacing-right-medium:1.92%;--awb-spacing-left-medium:1.92%;--awb-width-small:100%;--awb-order-small:0;--awb-spacing-right-small:1.92%;--awb-spacing-left-small:1.92%;\"><div class=\"fusion-column-wrapper fusion-column-has-shadow fusion-flex-justify-content-flex-start fusion-content-layout-column\"><div class=\"fusion-text fusion-text-1\"><p><span style=\"color: #4eab99;\"><strong>POLITIQUE DE CONFIDENTIALIT\u00c9 D\u2019ENTREPRISE SOCIALE NOUVEAU-BRUNSWICK<\/strong><\/span><\/p>\n<p><strong>Entreprise Sociale Nouveau-Brunswick (l\u2019\u00ab Organisation \u00bb)<\/strong> s\u2019engage \u00e0 maintenir de solides protections de la vie priv\u00e9e pour ses utilisateurs. Notre politique de confidentialit\u00e9 (\u00ab Politique de confidentialit\u00e9 \u00bb) est con\u00e7ue pour vous aider \u00e0 comprendre comment nous recueillons, utilisons et prot\u00e9geons les informations que vous nous fournissez afin de vous aider \u00e0 prendre des d\u00e9cisions \u00e9clair\u00e9es lorsque vous utilisez notre Service.<\/p>\n<p>Aux fins de la pr\u00e9sente Entente, le terme \u00ab Site \u00bb fait r\u00e9f\u00e9rence au site web de l\u2019Organisation, qui peut \u00eatre consult\u00e9 \u00e0 l\u2019adresse socialentreprisenb.ca (Link: socialentreprisenb.ca).<\/p>\n<p>Le terme \u00ab Service \u00bb fait r\u00e9f\u00e9rence aux services de l\u2019Organisation accessibles via le Site, sur lequel les utilisateurs peuvent demander une consultation, parcourir les ressources, en savoir plus sur notre pratique et lire notre blogue mensuel.<\/p>\n<p>Les termes \u00ab nous \u00bb, \u00ab notre \u00bb et \u00ab nos \u00bb font r\u00e9f\u00e9rence \u00e0 l\u2019Organisation.<\/p>\n<p>Le terme \u00ab vous \u00bb fait r\u00e9f\u00e9rence \u00e0 vous, en tant qu\u2019utilisateur de notre Site ou de notre Service.<\/p>\n<p>En acc\u00e9dant \u00e0 notre Site ou \u00e0 notre Service, vous acceptez notre politique de confidentialit\u00e9 et nos conditions d\u2019utilisation, et vous consentez \u00e0 la collecte, au stockage, \u00e0 l\u2019utilisation et \u00e0 la divulgation de vos informations personnelles, comme d\u00e9crit dans la pr\u00e9sente politique de confidentialit\u00e9.<\/p>\n<p><strong>I. INFORMATIONS QUE NOUS RECUEILLONS<\/strong><\/p>\n<p>Nous recueillons des \u00ab informations non personnelles \u00bb et des \u00ab informations personnelles \u00bb. Les informations non personnelles comprennent les informations qui ne peuvent pas \u00eatre utilis\u00e9es pour vous identifier personnellement, telles que les donn\u00e9es d\u2019utilisation anonymes, les informations d\u00e9mographiques g\u00e9n\u00e9rales que nous pouvons recueillir, les pages de renvoi\/sortie et les URL, les types de plate-formes, les pr\u00e9f\u00e9rences que vous soumettez et les pr\u00e9f\u00e9rences qui sont g\u00e9n\u00e9r\u00e9es en fonction des donn\u00e9es que vous soumettez et du nombre de clics. Les informations personnelles comprennent votre adresse \u00e9lectronique, votre nom complet et votre num\u00e9ro de t\u00e9l\u00e9phone, que vous nous soumettez par le biais du formulaire de contact du Site.<\/p>\n<p>Informations recueillies par le biais de la technologie<\/p>\n<p>Afin d\u2019am\u00e9liorer la qualit\u00e9 de notre Service, nous recueillons les informations qui nous sont fournies par votre navigateur ou par notre application logicielle lorsque vous consultez ou utilisez le Site, telles que le site web d\u2019o\u00f9 vous venez (appel\u00e9 \u00ab URL de r\u00e9f\u00e9rence \u00bb), le type de navigateur que vous utilisez, le dispositif \u00e0 partir duquel vous vous \u00eates connect\u00e9 au site, l\u2019heure et la date d\u2019acc\u00e8s, et d\u2019autres informations qui ne permettent pas de vous identifier personnellement. Nous obtenons ces informations \u00e0 l\u2019aide de cookies, ou de petits fichiers texte qui comprennent un identifiant unique anonyme. Les cookies sont envoy\u00e9s au navigateur d\u2019un utilisateur depuis nos serveurs et sont stock\u00e9s sur le disque dur de l\u2019ordinateur de l\u2019utilisateur. L\u2019envoi d\u2019un cookie au navigateur d\u2019un utilisateur nous permet de recueillir des informations non personnelles sur cet utilisateur et de conserver un enregistrement des pr\u00e9f\u00e9rences de l\u2019utilisateur lors de l\u2019utilisation de notre site, tant sur une base individuelle que globale.<\/p>\n<p>L\u2019Organisation peut utiliser \u00e0 la fois des cookies persistants et des cookies de session ; les cookies persistants restent sur votre ordinateur apr\u00e8s la fermeture de votre session et jusqu\u2019\u00e0 ce que vous les supprimiez, tandis que les cookies de session expirent lorsque vous fermez votre navigateur.<\/p>\n<p><strong>II. COMMENT NOUS UTILISONS ET PARTAGEONS LES DONN\u00c9ES RE\u00c7UES<\/strong><\/p>\n<p><em>Informations personnelles<\/em><\/p>\n<p>Sauf indication contraire dans la pr\u00e9sente Politique de confidentialit\u00e9, nous ne vendons pas, n\u2019\u00e9changeons pas, ne louons pas, ni ne partageons \u00e0 des fins de marketing vos informations personnelles avec des tiers sans votre consentement. Nous partageons les informations personnelles avec les fournisseurs qui fournissent des services \u00e0 l\u2019Organisation, tels que les serveurs de nos communications par courrier \u00e9lectronique qui ont acc\u00e8s \u00e0 l\u2019adresse \u00e9lectronique d\u2019un utilisateur pour lui envoyer des courriels. Ces fournisseurs utilisent vos informations personnelles uniquement selon nos instructions et conform\u00e9ment \u00e0 notre Politique de confidentialit\u00e9.<\/p>\n<p>En g\u00e9n\u00e9ral, les informations personnelles que vous nous fournissez sont utilis\u00e9es pour nous aider \u00e0 communiquer avec vous. Par exemple, nous utilisons les informations personnelles pour contacter les utilisateurs en r\u00e9ponse \u00e0 leurs questions, solliciter leurs r\u00e9actions, fournir une assistance technique et informer les utilisateurs sur les offres promotionnelles.<\/p>\n<p>Nous pouvons partager les informations personnelles avec des parties ext\u00e9rieures si nous pensons en toute bonne foi que l\u2019acc\u00e8s, l\u2019utilisation, la conservation ou la divulgation des informations est raisonnablement n\u00e9cessaire pour r\u00e9pondre \u00e0 une proc\u00e9dure l\u00e9gale applicable ou \u00e0 une demande gouvernementale ex\u00e9cutoire ; pour faire respecter les conditions de service applicables, y compris les enqu\u00eates sur les violations potentielles ; pour traiter les fraudes, les probl\u00e8mes de s\u00e9curit\u00e9 ou les probl\u00e8mes techniques ; ou pour prot\u00e9ger les droits, la propri\u00e9t\u00e9 ou la s\u00e9curit\u00e9 de nos utilisateurs ou du public, comme l\u2019exige ou le permet la loi.<\/p>\n<p><em>Informations non personnelles<\/em><\/p>\n<p>En g\u00e9n\u00e9ral, nous utilisons des informations non personnelles pour nous aider \u00e0 am\u00e9liorer le site et \u00e0 personnaliser l\u2019exp\u00e9rience de l\u2019utilisateur. Nous regroupons \u00e9galement les informations non personnelles afin de suivre les tendances et d\u2019analyser les modes d\u2019utilisation du Site. La pr\u00e9sente politique de confidentialit\u00e9 ne limite en aucune fa\u00e7on notre utilisation ou notre divulgation d\u2019informations non personnelles et nous nous r\u00e9servons le droit d\u2019utiliser et de divulguer ces informations non personnelles \u00e0 nos partenaires, annonceurs et autres tiers, \u00e0 notre discr\u00e9tion.<\/p>\n<p>Dans l\u2019\u00e9ventualit\u00e9 d\u2019une transaction commerciale telle qu\u2019une fusion, une acquisition par une autre soci\u00e9t\u00e9 ou la vente de tout ou partie de nos actifs, vos informations personnelles peuvent figurer parmi les actifs transf\u00e9r\u00e9s. Vous reconnaissez et acceptez que de tels transferts peuvent avoir lieu et sont autoris\u00e9s par la pr\u00e9sente Politique de confidentialit\u00e9, et que tout acqu\u00e9reur de nos actifs peut continuer \u00e0 traiter vos informations personnelles comme indiqu\u00e9 dans la pr\u00e9sente Politique de confidentialit\u00e9. Si nos pratiques en mati\u00e8re d\u2019information changent \u00e0 tout moment dans le futur, nous publierons les modifications de la politique sur le Site afin que vous puissiez choisir de ne pas participer aux nouvelles pratiques en mati\u00e8re d\u2019information. Nous vous sugg\u00e9rons de consulter r\u00e9guli\u00e8rement le Site si vous \u00eates pr\u00e9occup\u00e9 par la mani\u00e8re dont vos informations sont utilis\u00e9es.<\/p>\n<p><strong>III. VOS DROITS CONCERNANT L\u2019UTILISATION DE VOS INFORMATIONS PERSONNELLES<\/strong><\/p>\n<p>Vous avez le droit, \u00e0 tout moment, de nous emp\u00eacher de vous contacter \u00e0 des fins de marketing. Lorsque nous envoyons une communication promotionnelle \u00e0 un utilisateur, celui-ci peut choisir de ne plus recevoir de communications promotionnelles en suivant les instructions de d\u00e9sabonnement fournies dans chaque courriel promotionnel. Veuillez noter que nonobstant les pr\u00e9f\u00e9rences promotionnelles que vous indiquez en vous d\u00e9sabonnant ou en vous d\u00e9sengageant, nous pouvons continuer \u00e0 vous envoyer des courriels administratifs comprenant, par exemple, des mises \u00e0 jour p\u00e9riodiques de notre Politique de confidentialit\u00e9.<\/p>\n<p><strong>IV. LIENS VERS D\u2019AUTRES SITES WEB<\/strong><\/p>\n<p>Dans le cadre de notre Service, nous pouvons fournir des liens ou une compatibilit\u00e9 avec d\u2019autres sites web ou applications. Toutefois, nous ne sommes pas responsables des pratiques de confidentialit\u00e9 employ\u00e9es par ces sites web, ni des informations ou du contenu qu\u2019ils contiennent. La pr\u00e9sente Politique de confidentialit\u00e9 s\u2019applique uniquement aux informations que nous recueillons par le biais du Site. Par cons\u00e9quent, la pr\u00e9sente Politique de confidentialit\u00e9 ne s\u2019applique pas \u00e0 votre utilisation d\u2019un site web tiers auquel vous acc\u00e9dez en s\u00e9lectionnant un lien sur notre site. Nous encourageons nos utilisateurs \u00e0 lire les d\u00e9clarations de confidentialit\u00e9 des autres sites web avant de les utiliser.<\/p>\n<p><strong>V. MODIFICATIONS DE NOTRE POLITIQUE DE CONFIDENTIALIT\u00c9<\/strong><\/p>\n<p>L\u2019Organisation se r\u00e9serve le droit de modifier cette politique et nos conditions d\u2019utilisation \u00e0 tout moment. Nous vous informerons des modifications importantes apport\u00e9es \u00e0 notre Politique de confidentialit\u00e9 en envoyant un avis \u00e0 l\u2019adresse \u00e9lectronique principale indiqu\u00e9e dans votre compte ou en pla\u00e7ant un avis bien visible sur notre Site. Les modifications importantes entreront en vigueur 30 jours apr\u00e8s cette notification. Les modifications ou clarifications non significatives prendront effet imm\u00e9diatement. Vous devez consulter r\u00e9guli\u00e8rement le Site et cette page de confidentialit\u00e9 pour conna\u00eetre les mises \u00e0 jour.<\/p>\n<p><strong>VI. CONTACTEZ-NOUS<\/strong><\/p>\n<p>Si vous avez des questions concernant la pr\u00e9sente Politique de confidentialit\u00e9 ou les pratiques de ce Site, veuillez nous contacter en envoyant un courriel \u00e0 <a href=\"mailto:vanessa@b4c.ventures\">vanessa@b4c.ventures<\/a>.<\/p>\n<p>La pr\u00e9sente politique de confidentialit\u00e9 a \u00e9t\u00e9 mise \u00e0 jour le 2 mai 2022.<\/p>\n<\/div><\/div><\/div><\/div><\/div>\n","protected":false},"excerpt":{"rendered":"","protected":false},"author":1,"featured_media":0,"parent":0,"menu_order":0,"comment_status":"closed","ping_status":"open","template":"","meta":{"_monsterinsights_skip_tracking":false,"_monsterinsights_sitenote_active":false,"_monsterinsights_sitenote_note":"","_monsterinsights_sitenote_category":0,"footnotes":""},"class_list":["post-744","page","type-page","status-publish","hentry"],"yoast_head":"<!-- This site is optimized with the Yoast SEO plugin v27.4 - https:\/\/yoast.com\/product\/yoast-seo-wordpress\/ -->\n<title>Politique de confidentialit\u00e9 - Social Enterprise New Brunswick<\/title>\n<meta name=\"robots\" content=\"index, follow, max-snippet:-1, max-image-preview:large, max-video-preview:-1\" \/>\n<link rel=\"canonical\" href=\"https:\/\/socialenterprisenb.ca\/privacy-policy\/\" \/>\n<meta property=\"og:locale\" content=\"fr_FR\" \/>\n<meta property=\"og:type\" content=\"article\" \/>\n<meta property=\"og:title\" content=\"Politique de confidentialit\u00e9 - Social Enterprise New Brunswick\" \/>\n<meta property=\"og:url\" content=\"https:\/\/socialenterprisenb.ca\/privacy-policy\/\" \/>\n<meta property=\"og:site_name\" content=\"Social Enterprise New Brunswick\" \/>\n<meta property=\"article:publisher\" content=\"https:\/\/www.facebook.com\/PondDeshpandeCentre\" \/>\n<meta property=\"article:modified_time\" content=\"2022-05-12T14:24:04+00:00\" \/>\n<meta name=\"twitter:card\" content=\"summary_large_image\" \/>\n<meta name=\"twitter:label1\" content=\"Dur\u00e9e de lecture estim\u00e9e\" \/>\n\t<meta name=\"twitter:data1\" content=\"11 minutes\" \/>\n<script type=\"application\/ld+json\" class=\"yoast-schema-graph\">{\"@context\":\"https:\\\/\\\/schema.org\",\"@graph\":[{\"@type\":\"WebPage\",\"@id\":\"https:\\\/\\\/socialenterprisenb.ca\\\/privacy-policy\\\/\",\"url\":\"https:\\\/\\\/socialenterprisenb.ca\\\/privacy-policy\\\/\",\"name\":\"Politique de confidentialit\u00e9 - Social Enterprise New Brunswick\",\"isPartOf\":{\"@id\":\"https:\\\/\\\/socialenterprisenb.ca\\\/#website\"},\"datePublished\":\"2022-04-04T23:45:14+00:00\",\"dateModified\":\"2022-05-12T14:24:04+00:00\",\"breadcrumb\":{\"@id\":\"https:\\\/\\\/socialenterprisenb.ca\\\/privacy-policy\\\/#breadcrumb\"},\"inLanguage\":\"fr-FR\",\"potentialAction\":[{\"@type\":\"ReadAction\",\"target\":[\"https:\\\/\\\/socialenterprisenb.ca\\\/privacy-policy\\\/\"]}]},{\"@type\":\"BreadcrumbList\",\"@id\":\"https:\\\/\\\/socialenterprisenb.ca\\\/privacy-policy\\\/#breadcrumb\",\"itemListElement\":[{\"@type\":\"ListItem\",\"position\":1,\"name\":\"Home\",\"item\":\"https:\\\/\\\/socialenterprisenb.ca\\\/fr\\\/\"},{\"@type\":\"ListItem\",\"position\":2,\"name\":\"Politique de confidentialit\u00e9\"}]},{\"@type\":\"WebSite\",\"@id\":\"https:\\\/\\\/socialenterprisenb.ca\\\/#website\",\"url\":\"https:\\\/\\\/socialenterprisenb.ca\\\/\",\"name\":\"Social Enterprise New Brunswick\",\"description\":\"Entreprise Sociale Nouveau-Brunswick\",\"publisher\":{\"@id\":\"https:\\\/\\\/socialenterprisenb.ca\\\/#organization\"},\"potentialAction\":[{\"@type\":\"SearchAction\",\"target\":{\"@type\":\"EntryPoint\",\"urlTemplate\":\"https:\\\/\\\/socialenterprisenb.ca\\\/?s={search_term_string}\"},\"query-input\":{\"@type\":\"PropertyValueSpecification\",\"valueRequired\":true,\"valueName\":\"search_term_string\"}}],\"inLanguage\":\"fr-FR\"},{\"@type\":\"Organization\",\"@id\":\"https:\\\/\\\/socialenterprisenb.ca\\\/#organization\",\"name\":\"Pond Deshpande Center\",\"url\":\"https:\\\/\\\/socialenterprisenb.ca\\\/\",\"logo\":{\"@type\":\"ImageObject\",\"inLanguage\":\"fr-FR\",\"@id\":\"https:\\\/\\\/socialenterprisenb.ca\\\/#\\\/schema\\\/logo\\\/image\\\/\",\"url\":\"https:\\\/\\\/socialenterprisenb.ca\\\/wp-content\\\/uploads\\\/2023\\\/01\\\/PDC_Logo-01-1-e1674402763223.png\",\"contentUrl\":\"https:\\\/\\\/socialenterprisenb.ca\\\/wp-content\\\/uploads\\\/2023\\\/01\\\/PDC_Logo-01-1-e1674402763223.png\",\"width\":1274,\"height\":408,\"caption\":\"Pond Deshpande Center\"},\"image\":{\"@id\":\"https:\\\/\\\/socialenterprisenb.ca\\\/#\\\/schema\\\/logo\\\/image\\\/\"},\"sameAs\":[\"https:\\\/\\\/www.facebook.com\\\/PondDeshpandeCentre\"]}]}<\/script>\n<!-- \/ Yoast SEO plugin. -->","yoast_head_json":{"title":"Politique de confidentialit\u00e9 - Social Enterprise New Brunswick","robots":{"index":"index","follow":"follow","max-snippet":"max-snippet:-1","max-image-preview":"max-image-preview:large","max-video-preview":"max-video-preview:-1"},"canonical":"https:\/\/socialenterprisenb.ca\/privacy-policy\/","og_locale":"fr_FR","og_type":"article","og_title":"Politique de confidentialit\u00e9 - Social Enterprise New Brunswick","og_url":"https:\/\/socialenterprisenb.ca\/privacy-policy\/","og_site_name":"Social Enterprise New Brunswick","article_publisher":"https:\/\/www.facebook.com\/PondDeshpandeCentre","article_modified_time":"2022-05-12T14:24:04+00:00","twitter_card":"summary_large_image","twitter_misc":{"Dur\u00e9e de lecture estim\u00e9e":"11 minutes"},"schema":{"@context":"https:\/\/schema.org","@graph":[{"@type":"WebPage","@id":"https:\/\/socialenterprisenb.ca\/privacy-policy\/","url":"https:\/\/socialenterprisenb.ca\/privacy-policy\/","name":"Politique de confidentialit\u00e9 - Social Enterprise New Brunswick","isPartOf":{"@id":"https:\/\/socialenterprisenb.ca\/#website"},"datePublished":"2022-04-04T23:45:14+00:00","dateModified":"2022-05-12T14:24:04+00:00","breadcrumb":{"@id":"https:\/\/socialenterprisenb.ca\/privacy-policy\/#breadcrumb"},"inLanguage":"fr-FR","potentialAction":[{"@type":"ReadAction","target":["https:\/\/socialenterprisenb.ca\/privacy-policy\/"]}]},{"@type":"BreadcrumbList","@id":"https:\/\/socialenterprisenb.ca\/privacy-policy\/#breadcrumb","itemListElement":[{"@type":"ListItem","position":1,"name":"Home","item":"https:\/\/socialenterprisenb.ca\/fr\/"},{"@type":"ListItem","position":2,"name":"Politique de confidentialit\u00e9"}]},{"@type":"WebSite","@id":"https:\/\/socialenterprisenb.ca\/#website","url":"https:\/\/socialenterprisenb.ca\/","name":"Social Enterprise New Brunswick","description":"Entreprise Sociale Nouveau-Brunswick","publisher":{"@id":"https:\/\/socialenterprisenb.ca\/#organization"},"potentialAction":[{"@type":"SearchAction","target":{"@type":"EntryPoint","urlTemplate":"https:\/\/socialenterprisenb.ca\/?s={search_term_string}"},"query-input":{"@type":"PropertyValueSpecification","valueRequired":true,"valueName":"search_term_string"}}],"inLanguage":"fr-FR"},{"@type":"Organization","@id":"https:\/\/socialenterprisenb.ca\/#organization","name":"Pond Deshpande Center","url":"https:\/\/socialenterprisenb.ca\/","logo":{"@type":"ImageObject","inLanguage":"fr-FR","@id":"https:\/\/socialenterprisenb.ca\/#\/schema\/logo\/image\/","url":"https:\/\/socialenterprisenb.ca\/wp-content\/uploads\/2023\/01\/PDC_Logo-01-1-e1674402763223.png","contentUrl":"https:\/\/socialenterprisenb.ca\/wp-content\/uploads\/2023\/01\/PDC_Logo-01-1-e1674402763223.png","width":1274,"height":408,"caption":"Pond Deshpande Center"},"image":{"@id":"https:\/\/socialenterprisenb.ca\/#\/schema\/logo\/image\/"},"sameAs":["https:\/\/www.facebook.com\/PondDeshpandeCentre"]}]}},"_links":{"self":[{"href":"https:\/\/socialenterprisenb.ca\/fr\/wp-json\/wp\/v2\/pages\/744","targetHints":{"allow":["GET"]}}],"collection":[{"href":"https:\/\/socialenterprisenb.ca\/fr\/wp-json\/wp\/v2\/pages"}],"about":[{"href":"https:\/\/socialenterprisenb.ca\/fr\/wp-json\/wp\/v2\/types\/page"}],"author":[{"embeddable":true,"href":"https:\/\/socialenterprisenb.ca\/fr\/wp-json\/wp\/v2\/users\/1"}],"replies":[{"embeddable":true,"href":"https:\/\/socialenterprisenb.ca\/fr\/wp-json\/wp\/v2\/comments?post=744"}],"version-history":[{"count":4,"href":"https:\/\/socialenterprisenb.ca\/fr\/wp-json\/wp\/v2\/pages\/744\/revisions"}],"predecessor-version":[{"id":768,"href":"https:\/\/socialenterprisenb.ca\/fr\/wp-json\/wp\/v2\/pages\/744\/revisions\/768"}],"wp:attachment":[{"href":"https:\/\/socialenterprisenb.ca\/fr\/wp-json\/wp\/v2\/media?parent=744"}],"curies":[{"name":"wp","href":"https:\/\/api.w.org\/{rel}","templated":true}]}}